{"id":89,"date":"2018-03-07T12:56:18","date_gmt":"2018-03-07T09:56:18","guid":{"rendered":"http:\/\/marculesti\/?page_id=89"},"modified":"2018-11-05T16:19:30","modified_gmt":"2018-11-05T14:19:30","slug":"another-rates","status":"publish","type":"page","link":"https:\/\/www.aim.md\/en\/another-rates\/","title":{"rendered":"Another Rates"},"content":{"rendered":"<p><\/p>\n<p style=\"text-align: left;\"><strong>Pre<\/strong><strong>\u0163urile\u00a0<\/strong><strong>pentru cazare \u00een caminul <\/strong><\/p>\n<p style=\"text-align: left;\"><strong>\u00ce.S. \u201cAeroportul Interna\u021bional M\u0103rcule\u0219ti\u201d\u00a0 pentru 24 ore<\/strong><\/p>\n<p>(conform ordinului Administratorului interimar nr. 65 din 17 aprilie 2018)<\/p>\n<table width=\"669\">\n<tbody>\n<tr>\n<td width=\"36\"><strong>1.<\/strong><\/td>\n<td width=\"482\"><strong>Camer\u0103 Lux pentru<\/strong><\/p>\n<p><strong>1 persoan\u0103<\/strong><\/td>\n<td width=\"151\"><strong>400 lei<\/strong><\/td>\n<\/tr>\n<tr>\n<td width=\"36\"><strong>2.<\/strong><\/td>\n<td width=\"482\"><strong>Camer\u0103 Lux pentru<\/strong><\/p>\n<p><strong>2 persoane cu cazarea a dou\u0103 persoane<\/strong><\/td>\n<td width=\"151\"><strong>700 lei <\/strong><\/p>\n<p><strong>(350 lei\/pat)<\/strong><\/td>\n<\/tr>\n<tr>\n<td width=\"36\"><strong>3.<\/strong><\/td>\n<td width=\"482\"><strong>Camer\u0103 Lux pentru<\/strong><\/p>\n<p><strong>2 persoane cu cazarea doar a unei persoane<\/strong><\/td>\n<td width=\"151\"><strong>700 lei <\/strong><\/td>\n<\/tr>\n<tr>\n<td width=\"36\"><strong>4.<\/strong><\/td>\n<td width=\"482\"><strong>Camer\u0103 pentru 2 persoane cu cazarea a dou\u0103 persoane<\/strong><\/td>\n<td width=\"151\"><strong>400 lei <\/strong><\/p>\n<p><strong>(200 lei\/pat)<\/strong><\/td>\n<\/tr>\n<tr>\n<td width=\"36\"><strong>5.<\/strong><\/td>\n<td width=\"482\"><strong>Camer\u0103 pentru 2 persoane cu cazarea doar a unei persoane<\/strong><\/td>\n<td width=\"151\"><strong>400 lei<\/strong><\/td>\n<\/tr>\n<tr>\n<td width=\"36\"><strong>6.<\/strong><\/td>\n<td width=\"482\"><strong>Camer\u0103 pentru 3 persoane cu cazarea a trei persoane<\/strong><\/td>\n<td width=\"151\"><strong>450 lei <\/strong><\/p>\n<p><strong>(150 lei\/pat)<\/strong><\/td>\n<\/tr>\n<tr>\n<td width=\"36\"><strong>7.<\/strong><\/td>\n<td width=\"482\"><strong>Camer\u0103 pentru 3 persoane cu cazarea doar a dou\u0103 persoane<\/strong><\/td>\n<td width=\"151\"><strong>450 lei <\/strong><\/p>\n<p><strong>(225 lei\/pat)<\/strong><\/td>\n<\/tr>\n<tr>\n<td width=\"36\"><strong>8.<\/strong><\/td>\n<td width=\"482\"><strong>Camer\u0103 pentru 3 persoane cu cazarea doar a unei persoane<\/strong><\/td>\n<td width=\"151\"><strong>350 lei<\/strong><\/td>\n<\/tr>\n<\/tbody>\n<\/table>\n<p>&nbsp;<\/p>\n<p><strong>* pre\u021burile sunt indicate cu TVA<\/strong><\/p>\n<p><strong>** pre\u021burile sunt indicate pentru cazarea 24 ore<\/strong><\/p>\n<p><strong>*** pentru reziden\u021bii \u00centreprinderii reducere 10 %<\/strong><\/p>","protected":false},"excerpt":{"rendered":"<p>Pre\u0163urile\u00a0pentru cazare \u00een caminul \u00ce.S. \u201cAeroportul Interna\u021bional M\u0103rcule\u0219ti\u201d\u00a0 pentru 24 ore (conform ordinului Administratorului interimar nr. 65 din 17 aprilie 2018) 1. Camer\u0103 Lux pentru 1 persoan\u0103 400 lei 2. Camer\u0103 Lux pentru 2 persoane cu cazarea a dou\u0103 persoane 700 lei (350 lei\/pat) 3. Camer\u0103 Lux pentru 2 persoane cu cazarea doar a unei [&hellip;]<\/p>\n","protected":false},"author":1,"featured_media":0,"parent":0,"menu_order":0,"comment_status":"closed","ping_status":"closed","template":"custom-templates\/text-output.php","meta":{"footnotes":""},"class_list":["post-89","page","type-page","status-publish","hentry"],"_links":{"self":[{"href":"https:\/\/www.aim.md\/en\/wp-json\/wp\/v2\/pages\/89","targetHints":{"allow":["GET"]}}],"collection":[{"href":"https:\/\/www.aim.md\/en\/wp-json\/wp\/v2\/pages"}],"about":[{"href":"https:\/\/www.aim.md\/en\/wp-json\/wp\/v2\/types\/page"}],"author":[{"embeddable":true,"href":"https:\/\/www.aim.md\/en\/wp-json\/wp\/v2\/users\/1"}],"replies":[{"embeddable":true,"href":"https:\/\/www.aim.md\/en\/wp-json\/wp\/v2\/comments?post=89"}],"version-history":[{"count":22,"href":"https:\/\/www.aim.md\/en\/wp-json\/wp\/v2\/pages\/89\/revisions"}],"predecessor-version":[{"id":678,"href":"https:\/\/www.aim.md\/en\/wp-json\/wp\/v2\/pages\/89\/revisions\/678"}],"wp:attachment":[{"href":"https:\/\/www.aim.md\/en\/wp-json\/wp\/v2\/media?parent=89"}],"curies":[{"name":"wp","href":"https:\/\/api.w.org\/{rel}","templated":true}]}}