{"id":87,"date":"2018-03-07T12:56:01","date_gmt":"2018-03-07T09:56:01","guid":{"rendered":"http:\/\/marculesti\/?page_id=87"},"modified":"2019-11-23T08:32:13","modified_gmt":"2019-11-23T06:32:13","slug":"airport-rates","status":"publish","type":"page","link":"https:\/\/www.aim.md\/en\/airport-rates\/","title":{"rendered":"Airport Rates"},"content":{"rendered":"<p><strong>\u041f\u0435\u0440\u0435\u0447\u0435\u043d\u044c \u0430\u044d\u0440\u043e\u043f\u043e\u0440\u0442\u043e\u0432\u044b\u0445 \u0441\u0431\u043e\u0440\u043e\u0432<\/strong><strong> \u0438<\/strong><strong> \u0443\u0441\u043b\u0443\u0433<\/strong><strong> \u043f\u0440\u0435\u0434\u043e\u0441\u0442\u0430\u0432\u043b\u044f\u0435\u043c\u044b\u0435<\/strong><strong> \u0432<\/strong><\/p>\n<p><strong>\u0413.\u041f. <\/strong><strong>\u201eAeroportul Interna\u0163ional M\u0103rcule\u015fti\u201d<\/strong><\/p>\n<p>&nbsp;<\/p>\n<table width=\"0\">\n<tbody>\n<tr>\n<td width=\"47\"><strong>I<\/strong><\/td>\n<td colspan=\"2\" width=\"577\"><strong>\u0423\u0441\u043b\u0443\u0433\u0438 \u0437\u0430 \u043f\u0430\u0440\u043a\u043e\u0432\u043a\u0443 \u0432\u043e\u0437\u0434\u0443\u0448\u043d\u043e\u0433\u043e \u0441\u0443\u0434\u043d\u0430 <\/strong><\/p>\n<p><strong>(\u0441\u043e\u0433\u043b\u0430\u0441\u043d\u043e \u043e\u0442\u0434\u0435\u043b\u044c\u043d\u043e\u043c\u0443 \u043a\u043e\u043d\u0442\u0440\u0430\u043a\u0442\u0443 \u0434\u043b\u044f \u043a\u0430\u0436\u0434\u043e\u0433\u043e \u0442\u0438\u043f\u0430 \u0412\u0421).<\/strong><\/td>\n<\/tr>\n<tr>\n<td width=\"47\"><strong>Nr.<\/strong><\/td>\n<td width=\"406\"><strong>\u0422\u0438\u043f\u044b \u0412\u0421<\/strong><\/td>\n<td width=\"171\"><strong>\u0422\u0430\u0440\u0438\u0444 <\/strong><strong>\/<\/strong><strong> c\u0443\u0442\u043a\u0438<\/strong><\/p>\n<p><strong>(<\/strong><strong>0.018 <\/strong><strong>\u20ac<\/strong><strong>\/<\/strong><strong>24h x <\/strong><strong>m\u00b2)<\/strong><\/td>\n<\/tr>\n<tr>\n<td width=\"47\"><strong>1.<\/strong><\/td>\n<td width=\"406\">\u0414\u043b\u044f \u0432\u0435\u0440\u0442\u043e\u043b\u0435\u0442\u043e\u0432 Ka 32<\/td>\n<td width=\"171\">\u00a08,63 \u20ac\/ c\u0443\u0442\u043a\u0438<\/td>\n<\/tr>\n<tr>\n<td width=\"47\"><strong>2.<\/strong><\/td>\n<td width=\"406\">\u0414\u043b\u044f \u0432\u0435\u0440\u0442\u043e\u043b\u0435\u0442\u043e\u0432 \u041c\u0438-8<\/td>\n<td width=\"171\">15,38 \u20ac\/ c\u0443\u0442\u043a\u0438<\/td>\n<\/tr>\n<tr>\n<td width=\"47\"><strong>3.<\/strong><\/td>\n<td width=\"406\">\u0414\u043b\u044f \u0441\u0430\u043c\u043e\u043b\u0435\u0442\u043e\u0432 Cessna 421B<\/td>\n<td width=\"171\">\u00a05,76 \u20ac\/ c\u0443\u0442\u043a\u0438<\/td>\n<\/tr>\n<tr>\n<td width=\"47\"><strong>4.<\/strong><\/td>\n<td width=\"406\">\u0414\u043b\u044f \u0441\u0430\u043c\u043e\u043b\u0435\u0442\u043e\u0432 \u0410\u043d-3<\/td>\n<td width=\"171\">8.67 \u20ac\/ c\u0443\u0442\u043a\u0438<\/td>\n<\/tr>\n<tr>\n<td width=\"47\"><strong>5.<\/strong><\/td>\n<td width=\"406\">\u0414\u043b\u044f \u0441\u0430\u043c\u043e\u043b\u0435\u0442\u043e\u0432 \u0410\u043d-26<\/td>\n<td width=\"171\">18.92 \u20ac\/ c\u0443\u0442\u043a\u0438<\/td>\n<\/tr>\n<tr>\n<td width=\"47\"><strong>6.<\/strong><\/td>\n<td width=\"406\">\u0414\u043b\u044f \u0441\u0430\u043c\u043e\u043b\u0435\u0442\u043e\u0432 \u0410\u043d-32<\/td>\n<td width=\"171\">18.92 \u20ac\/ c\u0443\u0442\u043a\u0438<\/td>\n<\/tr>\n<tr>\n<td width=\"47\"><strong>7.<\/strong><\/td>\n<td width=\"406\">\u0414\u043b\u044f \u0441\u0430\u043c\u043e\u043b\u0435\u0442\u043e\u0432 \u0410\u043d-72<\/td>\n<td width=\"171\">23.26 \u20ac\/ c\u0443\u0442\u043a\u0438<\/td>\n<\/tr>\n<tr>\n<td width=\"47\"><strong>8.<\/strong><\/td>\n<td width=\"406\">\u0414\u043b\u044f \u0441\u0430\u043c\u043e\u043b\u0435\u0442\u043e\u0432 \u0410\u043d-74<\/td>\n<td width=\"171\">23.26 \u20ac\/ c\u0443\u0442\u043a\u0438<\/td>\n<\/tr>\n<tr>\n<td width=\"47\"><strong>9.<\/strong><\/td>\n<td width=\"406\">\u0414\u043b\u044f \u0441\u0430\u043c\u043e\u043b\u0435\u0442\u043e\u0432 \u0410\u043d-12<\/td>\n<td width=\"171\">30.96 \u20ac\/ c\u0443\u0442\u043a\u0438<\/td>\n<\/tr>\n<tr>\n<td width=\"47\"><strong>10.<\/strong><\/td>\n<td width=\"406\">\u0414\u043b\u044f \u0441\u0430\u043c\u043e\u043b\u0435\u0442\u043e\u0432 \u0418\u043b-76 \u00a0(\u043e\u0442\u0434\u0435\u043b\u044c\u043d\u043e)<\/td>\n<td width=\"171\">55 \u20ac\/ c\u0443\u0442\u043a\u0438<\/td>\n<\/tr>\n<tr>\n<td width=\"47\"><strong>11.<\/strong><\/td>\n<td width=\"406\">\u0421\u0431\u043e\u0440 \u0437\u0430 \u0441\u0432\u0435\u0440\u0445\u043d\u043e\u0440\u043c\u0430\u0442\u0438\u0432\u043d\u0443\u044e \u0441\u0442\u043e\u044f\u043d\u043a\u0443 \u0432\u043e\u0437\u0434\u0443\u0448\u043d\u043e\u0433\u043e \u0441\u0443\u0434\u043d\u0430 .<\/p>\n<p>\u0421\u0431\u043e\u0440 \u0432\u0437\u0438\u043c\u0430\u0435\u0442\u0441\u044f \u0437\u0430 \u043a\u0430\u0436\u0434\u044b\u0439 \u0447\u0430\u0441 \u0441\u0442\u043e\u044f\u043d\u043a\u0438 \u0432\u043e\u0437\u0434\u0443\u0448\u043d\u043e\u0433\u043e \u0441\u0443\u0434\u043d\u0430, \u0437\u0430 \u0438\u0441\u043a\u043b\u044e\u0447\u0435\u043d\u0438\u0435\u043c \u043f\u0435\u0440\u0432\u044b\u0445 3 \u0447\u0430\u0441\u043e\u0432 \u043f\u043e\u0441\u043b\u0435 \u043f\u043e\u0441\u0430\u0434\u043a\u0438 \u0434\u043b\u044f \u043f\u0430\u0441\u0441\u0430\u0436\u0438\u0440\u0441\u043a\u0438\u0445 \u00a0\u0432\u043e\u0437\u0434\u0443\u0448\u043d\u044b\u0445 \u0441\u0443\u0434\u043e\u0432 \u0438 \u043f\u0435\u0440\u0432\u044b\u0445 6 \u0447\u0430\u0441\u043e\u0432 \u043f\u043e\u0441\u043b\u0435 \u043f\u043e\u0441\u0430\u0434\u043a\u0438 \u0434\u043b\u044f \u0433\u0440\u0443\u0437\u043e\u0432\u044b\u0445 \u0432\u043e\u0437\u0434\u0443\u0448\u043d\u044b\u0445 \u0441\u0443\u0434\u043e\u0432.<\/td>\n<td width=\"171\">0,045 \u20ac\/\u0442\u043e\u043d\u043d\u0430 MTOW\/ \u0432 \u0447\u0430\u0441.<\/td>\n<\/tr>\n<tr>\n<td colspan=\"3\" width=\"624\"><em>Not\u0103: *m2 \u2013\u043f\u043b\u043e\u0449\u0430\u0434\u044c \u043a\u043e\u0442\u043e\u0440\u0443\u044e \u0412\u0421 \u0437\u0430\u043d\u0438\u043c\u0430\u0435\u0442 \u043d\u0430 \u043c\u0435\u0441\u0442\u0435 \u0441\u0442\u043e\u044f\u043d\u043a\u0438;<\/em><\/p>\n<p><em>**<\/em><em>MTOW<\/em><em> \u2013 \u043c\u0430\u043a\u0441\u0438\u043c\u0430\u043b\u044c\u043d\u0430\u044f \u0432\u0437\u043b\u0435\u0442\u043d\u0430\u044f \u043c\u0430\u0441\u0441\u0430 \u0412\u0421.<\/em><\/td>\n<\/tr>\n<\/tbody>\n<\/table>\n<p>&nbsp;<\/p>\n<table width=\"0\">\n<tbody>\n<tr>\n<td width=\"47\"><strong>II<\/strong><\/td>\n<td colspan=\"2\" width=\"577\"><strong>\u041f\u0440\u0435\u0434\u043e\u0441\u0442\u0430\u0432\u043b\u0435\u043d\u0438\u0435 \u043f\u043e\u0436\u0430\u0440\u043d\u043e\u0439 \u043c\u0430\u0448\u0438\u043d\u044b<\/strong><\/td>\n<\/tr>\n<tr>\n<td width=\"47\"><strong>Nr.<\/strong><\/td>\n<td width=\"406\"><strong>\u0432\u0440\u0435\u043c\u044f<\/strong><\/td>\n<td width=\"171\"><strong>\u0422\u0430\u0440\u0438\u0444<\/strong><\/td>\n<\/tr>\n<tr>\n<td width=\"47\"><strong>1.<\/strong><\/td>\n<td width=\"406\">30 \u043c\u0438\u043d\u0443\u0442 \u0438\u043b\u0438 \u0438\u0445 \u0447\u0430\u0441\u0442\u044c<\/td>\n<td width=\"171\">50 \u20ac<\/td>\n<\/tr>\n<tr>\n<td width=\"47\"><strong>\u00a0<\/strong><\/td>\n<td colspan=\"2\" width=\"577\">\u0411\u0435\u0437 \u0441\u0442\u043e\u0438\u043c\u043e\u0441\u0442\u0438 \u0432\u043e\u0434\u044b, \u043f\u0435\u043d\u043e\u043e\u0431\u0440\u0430\u0437\u043e\u0432\u0430\u0442\u0435\u043b\u044f \u0438 \u0434\u0440\u0443\u0433\u0438\u0445 \u0441\u043e\u043f\u0443\u0442\u0441\u0442\u0432\u0443\u044e\u0449\u0438\u0445 \u043c\u0430\u0442\u0435\u0440\u0438\u0430\u043b\u043e\u0432.<\/td>\n<\/tr>\n<\/tbody>\n<\/table>\n<p>&nbsp;<\/p>\n<table>\n<tbody>\n<tr>\n<td width=\"47\"><strong>III<\/strong><\/td>\n<td colspan=\"2\" width=\"583\"><strong>\u0421\u0431\u043e\u0440 \u0437\u0430 \u0430\u0432\u0438\u0430\u0446\u0438\u043e\u043d\u043d\u043e\u0435 \u0438\u043d\u0444\u043e\u0440\u043c\u0438\u0440\u043e\u0432\u0430\u043d\u0438\u0435<\/strong><\/td>\n<\/tr>\n<tr>\n<td width=\"47\"><strong>1.<\/strong><\/td>\n<td width=\"406\">\u0437\u0430 \u043a\u0430\u0436\u0434\u043e\u0435 \u0412\u0421<\/td>\n<td width=\"177\">25 \u20ac<\/td>\n<\/tr>\n<\/tbody>\n<\/table>\n<p>&nbsp;<\/p>\n<table width=\"0\">\n<tbody>\n<tr>\n<td width=\"47\"><strong>\u00a0<\/strong><\/p>\n<p><strong>IV<\/strong><\/td>\n<td colspan=\"2\" width=\"577\"><strong>\u0412 \u0441\u043b\u0443\u0447\u0430\u0435 \u0437\u0430\u0433\u0440\u044f\u0437\u043d\u0435\u043d\u0438\u044f \u043f\u043e \u0432\u0438\u043d\u0435 \u0410\u0432\u0438\u0430\u043a\u043e\u043c\u043f\u0430\u043d\u0438\u0438 \u043f\u0435\u0440\u0440\u043e\u043d\u0430 \u0438\u043b\u0438 \u0434\u0440\u0443\u0433\u0438\u0445 \u043d\u0435\u0441\u0443\u0449\u0438\u0445\/\u0433\u0440\u0443\u043d\u0442\u043e\u0432\u044b\u0445 \u043f\u043e\u043a\u0440\u044b\u0442\u0438\u0439 (\u043f\u0440\u0438 \u0437\u0430\u0441\u043e\u0440\u0435\u043d\u0438\u0438 \u043c\u0443\u0441\u043e\u0440\u043e\u043c, \u0437\u0430\u0441\u043e\u0440\u0435\u043d\u0438\u0438 \u0438\u0437 \u0442\u0443\u0430\u043b\u0435\u0442\u043d\u044b\u0445 \u0431\u0430\u043a\u043e\u0432, \u043f\u0440\u0438 \u0440\u0430\u0437\u043b\u0438\u0432\u0435 \u0413\u0421\u041c), \u0410\u0432\u0438\u0430\u043a\u043e\u043c\u043f\u0430\u043d\u0438\u044f \u043e\u0431\u044f\u0437\u0430\u043d\u0430 \u0443\u043f\u043b\u0430\u0442\u0438\u0442\u044c \u0448\u0442\u0440\u0430\u0444 \u043f\u043e \u0441\u043b\u0435\u0434\u0443\u044e\u0449\u0438\u043c \u0443\u0441\u0442\u0430\u043d\u043e\u0432\u043b\u0435\u043d\u043d\u044b\u0445 \u0440\u0430\u0441\u0446\u0435\u043d\u043a\u0430\u043c (\u0431\u0435\u0437 \u0443\u0447\u0435\u0442\u0430 \u041d\u0414\u0421) <\/strong><\/td>\n<\/tr>\n<tr>\n<td width=\"47\"><strong>1.<\/strong><\/td>\n<td width=\"404\">\u043f\u0440\u0438 \u0437\u0430\u0441\u043e\u0440\u0435\u043d\u0438\u0438 \u043c\u0443\u0441\u043e\u0440\u043e\u043c<\/td>\n<td width=\"173\">50 \u20ac\/\u043a\u0430\u0436\u0434\u044b\u0439 \u0444\u0430\u043a\u0442<\/td>\n<\/tr>\n<tr>\n<td width=\"47\"><strong>2.<\/strong><\/td>\n<td width=\"404\">\u043f\u0440\u0438 \u0440\u0430\u0437\u043b\u0438\u0432\u0435 \u0413\u0421\u041c<\/td>\n<td width=\"173\">250 \u20ac\/\u043a\u0430\u0436\u0434\u044b\u0439 \u0444\u0430\u043a\u0442<\/td>\n<\/tr>\n<tr>\n<td width=\"47\"><strong>3.<\/strong><\/td>\n<td width=\"404\">\u043f\u0440\u0438 \u0437\u0430\u0441\u043e\u0440\u0435\u043d\u0438\u0438 \u0438\u0437 \u0442\u0443\u0430\u043b\u0435\u0442\u043d\u044b\u0445 \u0431\u0430\u043a\u043e\u0432<\/td>\n<td width=\"173\">200 \u20ac\/\u043a\u0430\u0436\u0434\u044b\u0439 \u0444\u0430\u043a\u0442<\/td>\n<\/tr>\n<\/tbody>\n<\/table>\n<p>&nbsp;<\/p>\n<table>\n<tbody>\n<tr>\n<td width=\"47\"><strong>V<\/strong><\/td>\n<td width=\"583\"><strong>\u0421\u0431\u043e\u0440 \u0437\u0430 \u0440\u0430\u0437\u0432\u0438\u0442\u0438\u0435 \u0421\u0432\u043e\u0431\u043e\u0434\u043d\u043e\u0433\u043e \u041c\u0435\u0436\u0434\u0443\u043d\u0430\u0440\u043e\u0434\u043d\u043e\u0433\u043e \u0410\u044d\u0440\u043e\u043f\u043e\u0440\u0442\u0430 \u201eM\u0103rcule<\/strong><strong>\u0219<\/strong><strong>ti\u201d<\/strong><\/td>\n<\/tr>\n<tr>\n<td width=\"47\"><strong>1<\/strong>.<\/td>\n<td width=\"583\">\u0421\u0431\u043e\u0440 \u0437\u0430 \u0440\u0430\u0437\u0432\u0438\u0442\u0438\u0435 \u00ab\u0421\u0432\u043e\u0431\u043e\u0434\u043d\u043e\u0433\u043e \u041c\u0435\u0436\u0434\u0443\u043d\u0430\u0440\u043e\u0434\u043d\u043e\u0433\u043e \u0410\u044d\u0440\u043e\u043f\u043e\u0440\u0442\u0430&#8221;M\u0103rcule\u0219ti&#8221;\u00bb, \u0432 \u0440\u0430\u0437\u043c\u0435\u0440\u0435 0,3% \u043e\u0442 \u0434\u043e\u0445\u043e\u0434\u0430, \u043f\u043e\u043b\u0443\u0447\u0435\u043d\u043d\u043e\u0433\u043e \u043e\u0442 \u043f\u0440\u043e\u0434\u0430\u0436\u0438 \u0442\u043e\u0432\u0430\u0440\u043e\u0432, \u0442\u043e\u0432\u0430\u0440\u043e\u0432 \u0438 \u0443\u0441\u043b\u0443\u0433, \u043f\u0440\u0435\u0434\u043e\u0441\u0442\u0430\u0432\u043b\u044f\u0435\u043c\u044b\u0445 \u0432 \u00ab\u0421\u0432\u043e\u0431\u043e\u0434\u043d\u043e\u0433\u043e \u041c\u0435\u0436\u0434\u0443\u043d\u0430\u0440\u043e\u0434\u043d\u043e\u0433\u043e \u0410\u044d\u0440\u043e\u043f\u043e\u0440\u0442\u0430&#8221;M\u0103rcule\u0219ti&#8221;\u00bb, \u043d\u043e \u043a\u043e\u0442\u043e\u0440\u0430\u044f \u0441\u043e\u0441\u0442\u0430\u0432\u0438\u0442 \u043d\u0435 \u043c\u0435\u043d\u0435\u0435 900 \u20ac \u0432 \u043a\u0432\u0430\u0440\u0442\u0430\u043b (\u043e\u0434\u0438\u043d \u0440\u0430\u0437 \u043a\u0430\u0436\u0434\u044b\u0435 3 \u043c\u0435\u0441\u044f\u0446\u0430).<\/td>\n<\/tr>\n<\/tbody>\n<\/table>\n<p>&nbsp;<\/p>\n<p>&nbsp;<\/p>\n<p>&nbsp;<\/p>\n<table width=\"0\">\n<tbody>\n<tr>\n<td width=\"47\"><strong>VI<\/strong><\/td>\n<td colspan=\"6\" width=\"577\"><strong>\u041f\u0420\u041e\u041f\u0423\u0421\u041a\u0410 <\/strong><\/td>\n<\/tr>\n<tr>\n<td colspan=\"3\" width=\"292\">\u0422\u0418\u041f \u0414\u041e\u0421\u0422\u0423\u041f\u0410<\/td>\n<td colspan=\"3\" width=\"161\">\u041d\u0410 \u041a\u0410\u041a\u041e\u0419 \u041f\u0415\u0420\u0418\u041e\u0414<\/td>\n<td width=\"171\">\u0421\u0422\u041e\u0418\u041c\u041e\u0421\u0422\u042c \u041f\u0420\u041e\u041f\u0423\u0421\u041a\u0410<\/td>\n<\/tr>\n<tr>\n<td colspan=\"2\" width=\"160\"><strong>1<\/strong>. <strong>\u0444\u0438\u0437\u0438\u0447\u0435\u0441\u043a\u0438\u0435 \u043b\u0438\u0446\u0430<\/strong><\/td>\n<td colspan=\"2\" width=\"133\">\u041f\u043e\u0441\u0442\u043e\u044f\u043d\u043d\u044b\u0439<\/td>\n<td colspan=\"2\" width=\"160\">12 \u043c\u0435\u0441\u044f\u0446\u0435\u0432<\/td>\n<td width=\"171\">10 \u20ac<\/td>\n<\/tr>\n<tr>\n<td colspan=\"2\" rowspan=\"2\" width=\"160\"><\/td>\n<td colspan=\"2\" width=\"133\">\u0412\u0440\u0435\u043c\u0435\u043d\u043d\u044b\u0439<\/td>\n<td colspan=\"2\" width=\"160\">1 \u043c\u0435\u0441\u044f\u0446<\/td>\n<td width=\"171\">3 \u20ac<\/td>\n<\/tr>\n<tr>\n<td colspan=\"2\" width=\"133\">\u0420\u0430\u0437\u043e\u0432\u044b\u0439<\/td>\n<td colspan=\"2\" width=\"160\">1 \u0434\u0435\u043d\u044c<\/td>\n<td width=\"171\">0 \u20ac<\/td>\n<\/tr>\n<tr>\n<td colspan=\"2\" width=\"160\"><strong>2.<\/strong> <strong>\u0430\u0432\u0442\u043e\u043c\u043e\u0431\u0438\u043b\u0438 <\/strong><\/td>\n<td colspan=\"2\" width=\"133\">\u041f\u043e\u0441\u0442\u043e\u044f\u043d\u043d\u044b\u0439<\/td>\n<td colspan=\"2\" width=\"160\">12 \u043c\u0435\u0441\u044f\u0446\u0435\u0432<\/td>\n<td width=\"171\">30 \u20ac<\/td>\n<\/tr>\n<tr>\n<td colspan=\"2\" rowspan=\"2\" width=\"160\"><\/td>\n<td colspan=\"2\" width=\"133\">\u0412\u0440\u0435\u043c\u0435\u043d\u043d\u044b\u0439<\/td>\n<td colspan=\"2\" width=\"160\">1 \u043c\u0435\u0441\u044f\u0446<\/td>\n<td width=\"171\">10 \u20ac<\/td>\n<\/tr>\n<tr>\n<td colspan=\"2\" width=\"133\">\u0420\u0430\u0437\u043e\u0432\u044b\u0439<\/td>\n<td colspan=\"2\" width=\"160\">1 \u0434\u0435\u043d\u044c<\/td>\n<td width=\"171\">3 \u20ac<\/td>\n<\/tr>\n<tr>\n<td colspan=\"2\" rowspan=\"3\" width=\"160\"><strong>3. \u0433\u0440\u0443\u0437\u043e\u0432\u044b\u0435 \u0430\u0432\u0442\u043e\u043c\u043e\u0431\u0438\u043b\u0438<\/strong><strong> \u0438 \u0441\u043f\u0435\u0446\u0442\u0435\u0445\u043d\u0438\u043a\u0430 <\/strong><\/td>\n<td colspan=\"2\" width=\"133\">\u041f\u043e\u0441\u0442\u043e\u044f\u043d\u043d\u044b\u0439<\/td>\n<td colspan=\"2\" width=\"160\">12 \u043c\u0435\u0441\u044f\u0446\u0435\u0432<\/td>\n<td width=\"171\">60 \u20ac<\/td>\n<\/tr>\n<tr>\n<td colspan=\"2\" width=\"133\">\u0412\u0440\u0435\u043c\u0435\u043d\u043d\u044b\u0439<\/td>\n<td colspan=\"2\" width=\"160\">1 \u043c\u0435\u0441\u044f\u0446<\/td>\n<td width=\"171\">15 \u20ac<\/td>\n<\/tr>\n<tr>\n<td colspan=\"2\" width=\"133\">\u0420\u0430\u0437\u043e\u0432\u044b\u0439<\/td>\n<td colspan=\"2\" width=\"160\">1 \u0434\u0435\u043d\u044c<\/td>\n<td width=\"171\">8 \u20ac<\/td>\n<\/tr>\n<tr>\n<td colspan=\"2\" width=\"160\"><strong>\u00a0<\/strong><\/td>\n<td colspan=\"2\" width=\"133\"><\/td>\n<td colspan=\"2\" width=\"160\"><\/td>\n<td width=\"171\"><\/td>\n<\/tr>\n<tr>\n<td width=\"47\"><strong>VII<\/strong><\/td>\n<td colspan=\"6\" width=\"577\"><strong>\u041f\u0440\u043e\u0436\u0438\u0432\u0430\u043d\u0438\u0435 \u0432 \u0433\u043e\u0441\u0442\u0438\u043d\u0438\u0446\u0435 \u043f\u0440\u0435\u0434\u043f\u0440\u0438\u044f\u0442\u0438\u044f<\/strong><\/td>\n<\/tr>\n<tr>\n<td width=\"47\"><strong>1.<\/strong><\/td>\n<td colspan=\"4\" width=\"397\">\u041d\u043e\u043c\u0435\u0440 \u043b\u044e\u043a\u0441 \u043e\u0434\u043d\u043e\u043c\u0435\u0441\u0442\u043d\u044b\u0439.<\/p>\n<p><strong>\u041a\u043e\u043b\u0438\u0447\u0435\u0441\u0442\u0432\u043e \u043f\u0440\u043e\u0436\u0438\u0432\u0430\u044e\u0449\u0438\u0445<\/strong><strong>: <\/strong>\u00a01<\/td>\n<td colspan=\"2\" width=\"180\">400 (MDL), \u0432\u043a\u043b\u044e\u0447\u0430\u044f \u041d\u0414\u0421.<\/td>\n<\/tr>\n<tr>\n<td width=\"47\"><strong>2.<\/strong><\/td>\n<td colspan=\"4\" width=\"397\">\u041d\u043e\u043c\u0435\u0440 \u043b\u044e\u043a\u0441 \u0434\u0432\u0443\u0445\u043c\u0435\u0441\u0442\u043d\u044b\u0439.<\/p>\n<p><strong>\u041a\u043e\u043b\u0438\u0447\u0435\u0441\u0442\u0432\u043e \u043f\u0440\u043e\u0436\u0438\u0432\u0430\u044e\u0449\u0438\u0445:<\/strong> 2<\/td>\n<td colspan=\"2\" width=\"180\">700 (MDL), \u0432\u043a\u043b\u044e\u0447\u0430\u044f \u041d\u0414\u0421.<\/td>\n<\/tr>\n<tr>\n<td width=\"47\"><strong>3<\/strong><strong>.<\/strong><\/td>\n<td colspan=\"4\" width=\"397\">\u041d\u043e\u043c\u0435\u0440 \u0441\u0442\u0430\u043d\u0434\u0430\u0440\u0442 \u0434\u0432\u0443\u0445\u043c\u0435\u0441\u0442\u043d\u044b\u0439.<\/p>\n<p><strong>\u041a\u043e\u043b\u0438\u0447\u0435\u0441\u0442\u0432\u043e \u043f\u0440\u043e\u0436\u0438\u0432\u0430\u044e\u0449\u0438\u0445:<\/strong> 2<\/td>\n<td colspan=\"2\" width=\"180\">400 (MDL), \u0432\u043a\u043b\u044e\u0447\u0430\u044f \u041d\u0414\u0421.<\/td>\n<\/tr>\n<tr>\n<td width=\"47\"><strong>4<\/strong><strong>.<\/strong><\/td>\n<td colspan=\"4\" width=\"397\">\u041d\u043e\u043c\u0435\u0440 \u0441\u0442\u0430\u043d\u0434\u0430\u0440\u0442 \u0442\u0440\u0435\u0445\u043c\u0435\u0441\u0442\u043d\u044b\u0439.<\/p>\n<p><strong>\u041a\u043e\u043b\u0438\u0447\u0435\u0441\u0442\u0432\u043e \u043f\u0440\u043e\u0436\u0438\u0432\u0430\u044e\u0449\u0438\u0445:<\/strong> 3<\/td>\n<td colspan=\"2\" width=\"180\">450 (MDL), \u0432\u043a\u043b\u044e\u0447\u0430\u044f \u041d\u0414\u0421.<\/td>\n<\/tr>\n<tr>\n<td width=\"47\"><\/td>\n<td width=\"113\"><\/td>\n<td width=\"133\"><\/td>\n<td width=\"1\"><\/td>\n<td width=\"150\"><\/td>\n<td width=\"9\"><\/td>\n<td width=\"171\"><\/td>\n<\/tr>\n<\/tbody>\n<\/table>\n<p>&nbsp;<\/p>\n<table width=\"0\">\n<tbody>\n<tr>\n<td width=\"56\"><strong>VIII<\/strong><\/td>\n<td colspan=\"2\" width=\"568\"><strong>\u041f\u043b\u0430\u0442\u0430 \u0437\u0430 \u043f\u0435\u0440\u0435\u0441\u0435\u0447\u0435\u043d\u0438\u0435 \u0434\u043e\u0440\u043e\u0433\u0438 \u043f\u0440\u0435\u0434\u043f\u0440\u0438\u044f\u0442\u0438\u044f (\u043f\u0440\u0435\u0434\u043d\u0430\u0437\u043d\u0430\u0447\u0435\u043d\u043d\u0430\u044f \u0434\u043b\u044f \u043f\u043e\u0434\u0434\u0435\u0440\u0436\u0430\u043d\u0438\u044f \u0438 \u043e\u0431\u0441\u043b\u0443\u0436\u0438\u0432\u0430\u043d\u0438\u044f \u0446\u0435\u043d\u0442\u0440\u0430\u043b\u044c\u043d\u043e\u0439 \u043f\u043e\u0434\u044a\u0435\u0437\u0434\u043d\u043e\u0439 \u0434\u043e\u0440\u043e\u0433\u0438 \u043d\u0430 \u0442\u0435\u0440\u0440\u0438\u0442\u043e\u0440\u0438\u0438 \u043f\u0440\u0435\u0434\u043f\u0440\u0438\u044f\u0442\u0438\u044f \u0432 \u043f\u0440\u0435\u0434\u0435\u043b\u0430\u0445 \u043f\u0435\u0440\u0438\u043c\u0435\u0442\u0440\u0430 \u043e\u0442 \u043a\u043e\u043d\u0442\u0440\u043e\u043b\u044c\u043d\u043e\u0433\u043e \u043f\u0440\u043e\u043f\u0443\u0441\u043a\u043d\u043e\u0433\u043e \u043f\u0443\u043d\u043a\u0442\u0430 \u2116 1 \u0434\u043e \u043a\u043e\u043d\u0442\u0440\u043e\u043b\u044c\u043d\u043e\u0433\u043e \u043f\u0440\u043e\u043f\u0443\u0441\u043a\u043d\u043e\u0433\u043e \u043f\u0443\u043d\u043a\u0442\u0430 \u2116 2 (\u0442\u0430\u043c\u043e\u0436\u0435\u043d\u043d\u044b\u0439 \u043f\u043e\u0441\u0442)<\/strong><\/td>\n<\/tr>\n<tr>\n<td width=\"56\"><strong>1.<\/strong><\/td>\n<td width=\"397\">\u041e\u0434\u0438\u043d \u0432\u044a\u0435\u0437\u0434 \u0434\u043b\u044f \u0433\u0440\u0443\u0437\u043e\u0432\u044b\u0445 \u0430\u0432\u0442\u043e\u043c\u043e\u0431\u0438\u043b\u0435\u0439 \u0438 \u043c\u0438\u043a\u0440\u043e\u0430\u0432\u0442\u043e\u0431\u0443\u0441\u043e\u0432 \u0434\u043e 10 \u0442\u043e\u043d\u043d<\/td>\n<td width=\"171\">100 (MDL), \u0432\u043a\u043b\u044e\u0447\u0430\u044f \u041d\u0414\u0421.<\/td>\n<\/tr>\n<tr>\n<td width=\"56\"><strong>2.<\/strong><\/td>\n<td width=\"397\">\u041e\u0434\u0438\u043d \u0432\u044a\u0435\u0437\u0434 \u0434\u043b\u044f \u0433\u0440\u0443\u0437\u043e\u0432\u044b\u0445 \u0430\u0432\u0442\u043e\u043c\u043e\u0431\u0438\u043b\u0435\u0439 \u0438 \u043c\u0438\u043a\u0440\u043e\u0430\u0432\u0442\u043e\u0431\u0443\u0441\u043e\u0432 \u0431\u043e\u043b\u0435\u0435 10 \u0442\u043e\u043d\u043d<\/td>\n<td width=\"171\">200 (MDL), \u0432\u043a\u043b\u044e\u0447\u0430\u044f \u041d\u0414\u0421.<\/td>\n<\/tr>\n<\/tbody>\n<\/table>\n<p>&nbsp;<\/p>\n<p>*\u041f\u043b\u0430\u0442\u0430 \u043d\u0430\u043b\u043e\u0433\u043e\u0432 \u0437\u0430 \u0443\u0441\u043b\u0443\u0433\u0438 \u0430\u044d\u0440\u043e\u043f\u043e\u0440\u0442\u0430 \u0432\u0437\u0438\u043c\u0430\u0435\u0442\u0441\u044f \u0432 \u0435\u0432\u0440\u043e \u0438\u043b\u0438 \u0438\u0445 \u044d\u043a\u0432\u0438\u0432\u0430\u043b\u0435\u043d\u0442\u0435 \u0432 \u043d\u0430\u0446\u0438\u043e\u043d\u0430\u043b\u044c\u043d\u043e\u0439 \u0432\u0430\u043b\u044e\u0442\u0435 \u043f\u043e \u043a\u0443\u0440\u0441\u0443, \u0443\u0441\u0442\u0430\u043d\u043e\u0432\u043b\u0435\u043d\u043d\u043e\u043c\u0443 \u041d\u0430\u0446\u0438\u043e\u043d\u0430\u043b\u044c\u043d\u044b\u043c \u0431\u0430\u043d\u043a\u043e\u043c \u0420\u0435\u0441\u043f\u0443\u0431\u043b\u0438\u043a\u0438 \u041c\u043e\u043b\u0434\u043e\u0432\u0430 \u043d\u0430 \u0434\u0430\u0442\u0443 \u0441\u043e\u0432\u0435\u0440\u0448\u0435\u043d\u0438\u044f \u043e\u043f\u0435\u0440\u0430\u0446\u0438\u0438.<\/p>\n<p>** \u0414\u043b\u044f \u0440\u0435\u0437\u0438\u0434\u0435\u043d\u0442\u043e\u0432 \u0420\u0435\u0441\u043f\u0443\u0431\u043b\u0438\u043a\u0438 \u041c\u043e\u043b\u0434\u043e\u0432\u0430 \u043e\u043f\u043b\u0430\u0442\u0430 \u0443\u0441\u043b\u0443\u0433, \u0443\u043a\u0430\u0437\u0430\u043d\u043d\u044b\u0445 \u0432 \u0433\u043b. I, II, III, IV, V \u0438 VI \u0432\u0437\u0438\u043c\u0430\u044e\u0442\u0441\u044f \u0432 \u043d\u0430\u0446\u0438\u043e\u043d\u0430\u043b\u044c\u043d\u043e\u0439 \u0432\u0430\u043b\u044e\u0442\u0435 \u043f\u043e \u043a\u0443\u0440\u0441\u0443, \u0443\u0441\u0442\u0430\u043d\u043e\u0432\u043b\u0435\u043d\u043d\u043e\u043c\u0443 \u041d\u0430\u0446\u0438\u043e\u043d\u0430\u043b\u044c\u043d\u044b\u043c \u0431\u0430\u043d\u043a\u043e\u043c \u0420\u0435\u0441\u043f\u0443\u0431\u043b\u0438\u043a\u0438 \u041c\u043e\u043b\u0434\u043e\u0432\u0430 \u043d\u0430 \u0434\u0430\u0442\u0443 \u0441\u043e\u0432\u0435\u0440\u0448\u0435\u043d\u0438\u044f \u043e\u043f\u0435\u0440\u0430\u0446\u0438\u0438.<\/p>\n<p>&nbsp;<\/p>\n<div id=\"gtx-trans\" style=\"position: absolute; left: -71px; top: 3252px;\">\n<div class=\"gtx-trans-icon\"><\/div>\n<\/div>\n<p><\/p>","protected":false},"excerpt":{"rendered":"<p>\u041f\u0435\u0440\u0435\u0447\u0435\u043d\u044c \u0430\u044d\u0440\u043e\u043f\u043e\u0440\u0442\u043e\u0432\u044b\u0445 \u0441\u0431\u043e\u0440\u043e\u0432 \u0438 \u0443\u0441\u043b\u0443\u0433 \u043f\u0440\u0435\u0434\u043e\u0441\u0442\u0430\u0432\u043b\u044f\u0435\u043c\u044b\u0435 \u0432 \u0413.\u041f. \u201eAeroportul Interna\u0163ional M\u0103rcule\u015fti\u201d &nbsp; I \u0423\u0441\u043b\u0443\u0433\u0438 \u0437\u0430 \u043f\u0430\u0440\u043a\u043e\u0432\u043a\u0443 \u0432\u043e\u0437\u0434\u0443\u0448\u043d\u043e\u0433\u043e \u0441\u0443\u0434\u043d\u0430 (\u0441\u043e\u0433\u043b\u0430\u0441\u043d\u043e \u043e\u0442\u0434\u0435\u043b\u044c\u043d\u043e\u043c\u0443 \u043a\u043e\u043d\u0442\u0440\u0430\u043a\u0442\u0443 \u0434\u043b\u044f \u043a\u0430\u0436\u0434\u043e\u0433\u043e \u0442\u0438\u043f\u0430 \u0412\u0421). Nr. \u0422\u0438\u043f\u044b \u0412\u0421 \u0422\u0430\u0440\u0438\u0444 \/ c\u0443\u0442\u043a\u0438 (0.018 \u20ac\/24h x m\u00b2) 1. \u0414\u043b\u044f \u0432\u0435\u0440\u0442\u043e\u043b\u0435\u0442\u043e\u0432 Ka 32 \u00a08,63 \u20ac\/ c\u0443\u0442\u043a\u0438 2. \u0414\u043b\u044f \u0432\u0435\u0440\u0442\u043e\u043b\u0435\u0442\u043e\u0432 \u041c\u0438-8 15,38 \u20ac\/ c\u0443\u0442\u043a\u0438 3. \u0414\u043b\u044f \u0441\u0430\u043c\u043e\u043b\u0435\u0442\u043e\u0432 Cessna 421B [&hellip;]<\/p>\n","protected":false},"author":1,"featured_media":145,"parent":0,"menu_order":0,"comment_status":"closed","ping_status":"closed","template":"custom-templates\/text-output.php","meta":{"footnotes":""},"class_list":["post-87","page","type-page","status-publish","has-post-thumbnail","hentry"],"_links":{"self":[{"href":"https:\/\/www.aim.md\/en\/wp-json\/wp\/v2\/pages\/87","targetHints":{"allow":["GET"]}}],"collection":[{"href":"https:\/\/www.aim.md\/en\/wp-json\/wp\/v2\/pages"}],"about":[{"href":"https:\/\/www.aim.md\/en\/wp-json\/wp\/v2\/types\/page"}],"author":[{"embeddable":true,"href":"https:\/\/www.aim.md\/en\/wp-json\/wp\/v2\/users\/1"}],"replies":[{"embeddable":true,"href":"https:\/\/www.aim.md\/en\/wp-json\/wp\/v2\/comments?post=87"}],"version-history":[{"count":48,"href":"https:\/\/www.aim.md\/en\/wp-json\/wp\/v2\/pages\/87\/revisions"}],"predecessor-version":[{"id":929,"href":"https:\/\/www.aim.md\/en\/wp-json\/wp\/v2\/pages\/87\/revisions\/929"}],"wp:featuredmedia":[{"embeddable":true,"href":"https:\/\/www.aim.md\/en\/wp-json\/wp\/v2\/media\/145"}],"wp:attachment":[{"href":"https:\/\/www.aim.md\/en\/wp-json\/wp\/v2\/media?parent=87"}],"curies":[{"name":"wp","href":"https:\/\/api.w.org\/{rel}","templated":true}]}}