{"id":293,"date":"2018-03-23T14:30:56","date_gmt":"2018-03-23T12:30:56","guid":{"rendered":"http:\/\/marculesti\/?page_id=293"},"modified":"2018-10-08T18:02:07","modified_gmt":"2018-10-08T15:02:07","slug":"vacant-positions","status":"publish","type":"page","link":"https:\/\/www.aim.md\/en\/vacant-positions\/","title":{"rendered":"Vacant positions"},"content":{"rendered":"<p><strong>Consiliul de administra\u021bie al \u00ceS \u201dM\u0103rcule\u0219ti\u201d anun\u021b\u0103 concurs pentru ocuparea func\u021biei de Director general al \u00ceS \u201d<\/strong><strong>Aeroportul Interna\u021bional<\/strong> <strong>M\u0103rcule\u0219ti\u201d<\/strong><\/p>\n<p><strong><u>Context legal<\/u><\/strong><\/p>\n<p>\u00ce.S.\u201dAeroportul Interna\u021bional M\u0103rcule\u0219ti\u201d este \u00eenregistrat\u0103 la Camera \u00cenregistr\u0103rii de Stat din data de 30.01.2004, Num\u0103rul de identificare de stat \u2013 codul fiscal 1004607000530.<\/p>\n<p>Sediul \u00eentreprinderii: MD-5028, s.Lunga,\u00a0 raionul Flore\u0219ti<\/p>\n<p>\u00centreprinderea activeaz\u0103 \u00een baza Legii nr.246\/2017 cu privire la \u00eentreprinderea de stat \u0219i \u00eentreprinderea municipal\u0103.<\/p>\n<p><strong><u>Scop \u0219i obiectiv<\/u><\/strong><\/p>\n<p>\u00ce.S.\u201dAeroportul Interna\u021bional M\u0103rcule\u0219ti\u201d desf\u0103\u0219oar\u0103 urm\u0103toarele genuri de activitate de baz\u0103:<\/p>\n<ol>\n<li>a) transporturi aeriene ocazionale de c\u0103l\u0103tori \u0219i m\u0103rfuri;<\/li>\n<li>b) depozit\u0103ri;<\/li>\n<li>c) alte activit\u0103\u021bi conexe transporturilor de c\u0103l\u0103tori \u0219i m\u0103rfuri;<\/li>\n<li>d) \u00eenchirierea mijloacelor de transport aerian f\u0103r\u0103 echipaj;<\/li>\n<li>e) activitatea \u0219colilor de conducere.<\/li>\n<\/ol>\n<p>&nbsp;<\/p>\n<p>Scopul principal al activit\u0103\u021bii \u00ce.S.\u201dAeroportul Interna\u021bional M\u0103rcule\u0219ti\u201d este ob\u0163inerea profitului \u00een condi\u021bii de disponibilitate, continuitate, transparen\u0163\u0103, cu respectarea normelor de calitate.<\/p>\n<p><strong><u>Cerin\u021be fa\u021b\u0103 de candidat <\/u><\/strong><\/p>\n<p>Candidatul la postul de Director general va \u00eentruni urm\u0103toarele cerin\u021be:<\/p>\n<ol>\n<li>de\u0163ine cet\u0103\u0163enia Republicii Moldova \u015fi domiciliul stabil \u00een Republica Moldova;<\/li>\n<li>de\u021bine studii superioare \u00een unul din domeniile: economic, juridic, tehnic; studiile post-universitare vor fi un avantaj;<\/li>\n<li>este cunosc\u0103tor al limbii de stat scris \u015fi vorbit;<\/li>\n<li>cunoa\u0219te principiile \u0219i cerin\u021bele sistemului de management al calit\u0103\u021bii conform standardului interna\u021bional ISO 9001 \u0219i bunele practici ai guverna\u021bii corporative.<\/li>\n<li>are experien\u021b\u0103 de a conduce \u00eentreprinderi cu un num\u0103r de angaja\u021bi mai mare de 50.<\/li>\n<li>are experien\u021b\u0103 minim\u0103 de 3 ani de administrare a \u00eentreprinderilor \u00een domeniul transportului \u0219i posed\u0103 \u00a0cuno\u0219tin\u021be a aspectelor legislative \u0219i tehnice \u00een domeniul de transport intern, transport interna\u021bional \u0219i a logisticii \u00een transport;<\/li>\n<li>nu dep\u0103\u015fe\u0219te limita v\u00eerstei de pensionare conform cerin\u021belor Codului Muncii;<\/li>\n<li>nu are antecedente penale nestinse pentru infrac\u0163iuni s\u0103v\u00eer\u015fite cu inten\u0163ie;<\/li>\n<li>nu este privat de dreptul de a ocupa anumite func\u0163ii sau de a exercita o anumit\u0103 activitate, ca pedeaps\u0103 de baz\u0103 sau complementar\u0103, ca urmare a sentin\u0163ei judec\u0103tore\u015fti definitive prin care s-a dispus aceast\u0103 interdic\u0163ie;<\/li>\n<li>posedarea limbii engleze, scris\u0103 \u0219i vorbit\u0103 va fi un avantaj.<\/li>\n<\/ol>\n<p><strong><u>Atribu\u021bii<\/u><\/strong><\/p>\n<p>Directorul general va conduce activitatea curent\u0103 a \u00ce.S.\u201dAeroportul Interna\u021bional M\u0103rcule\u0219ti\u201d, va gestiona \u00eentreprinderea \u015fi va asigura activitatea eficient\u0103 a \u00eentreprinderii.<\/p>\n<p><strong><u>Drepturi \u0219i obliga\u021bii<\/u><\/strong><\/p>\n<p>Drepturile \u015fi obliga\u0163iile Directorului general al \u00ce.S.\u201dAeroportul Interna\u021bional M\u0103rcule\u0219ti\u201d vor fi prev\u0103zute \u00een Contractul de management, \u00eencheiat \u00eentre Directorul general \u0219i Fondator.<\/p>\n<p><strong><u>Termen de contractare <\/u><\/strong><\/p>\n<p>Candidatul, selectat \u00een baza concursului, va \u00eencheia cu Fondator un Contract de management pentru o perioad\u0103 de p\u00een\u0103 la 5 ani.<\/p>\n<p><strong><u>Remunerare<\/u><\/strong><\/p>\n<p>Directorul general al \u00ce.S.\u201dAeroportul Interna\u021bional M\u0103rcule\u0219ti\u201d va fi remunerat, conform Contractului de management, \u00eencheiat \u00eentre candidatul selectat \u0219i Fondator. Condi\u021biile de plat\u0103 vor fi stabilite \u00een Contractul de management, \u00een corespundere cu prevederile Hot\u0103r\u00eerii Guvernului nr.743 din 11.06.2002 cu privire la salarizarea angaja\u021bilor din unit\u0103\u021bile cu autonomie financiar\u0103.<\/p>\n<p><strong><u>Lista documentelor necesare pentru participare la concurs:<\/u><\/strong><\/p>\n<ol>\n<li>curriculum vitae (CV);<\/li>\n<li>copia buletinului de identitate;<\/li>\n<li>copii ale diplomelor de studii \u015fi ale certificator de absolvire a cursurilor de perfec\u0163ionare profesional\u0103 \u015fi\/sau specializare;<\/li>\n<li>copia carnetului de munc\u0103;<\/li>\n<li>viziune succint\u0103 privind dezvoltarea Aeroportului Interna\u021bional Liber M\u0103rcule\u0219ti \u0219i modalit\u0103\u021bile de eficientizare a activit\u0103\u021bii acestuia;<\/li>\n<li>cazierul judiciar (poate fi \u00eenlocuit cu declara\u021bia pe propria r\u0103spundere privind absen\u021ba antecedentelor penale. \u00cen acest caz, candidatul are obliga\u021bia s\u0103 completeze dosarul de concurs cu originalul documentului \u00een termen de maximum 10 zile calendaristice de la data la care va fi declarat \u00eenving\u0103tor, sub sanc\u021biunea neemiterii actului de numire);<\/li>\n<li>Declara\u021bie pe propria r\u0103spundere privind ne\u00eencadrarea \u00een situa\u021bia de incompatibilitate sau conflict de interese cu \u00ce.S.\u201dAeroportul Interna\u021bional M\u0103rcule\u0219ti\u201d.<\/li>\n<\/ol>\n<p><em>Not\u0103<\/em><em>:<\/em> <em>Copiile documentelor nominalizate pot fi autentificate de notar sau prezentate \u00eempreun\u0103 cu documentele originale pentru verificarea veridicit\u0103\u0163ii acestora. Candida\u0163ii depun documentele personal, prin po\u015ft\u0103 sau e-mail (cu condi\u0163ia ca candida\u0163ii vor prezenta \u00een ziua concursului toate actele \u00een original pentru autentificare).<\/em><\/p>\n<p><strong><u>Termenul de depunere a documentelor pentru participarea la concurs: <\/u><\/strong><\/p>\n<p>Termenul limit\u0103 de depunere a documentelor pentru participarea la concurs este <strong>08 octombrie 2018, ora 17-00<\/strong>.<\/p>\n<p><strong><u>Locul depunerii documentelor: <\/u><\/strong><\/p>\n<p>Locul depunerii documentelor de participare la concurs pentru ocuparea func\u0163iei de Director general al \u00ce.S.\u201dAeroportul Interna\u021bional M\u0103rcule\u0219ti\u201d: mun.Chi\u015fin\u0103u, Pia\u0163a Marii Adun\u0103ri Na\u0163ionale, 1, bir.219 sau la <em>e-mail \u2013<\/em> tatiana.demidcenco@mei.gov.md.<\/p>\n<p><strong><u>Persoana de contact:<\/u><\/strong> Tatiana Demidcenco, +373 022\u00a0250 673;<\/p>\n<p>tatiana.demidcenco@mei.gov.md<\/p>\n<p><strong><u>\u00a0<\/u><\/strong><\/p>\n<p><strong><u>Locul desf\u0103\u015fur\u0103rii concursului:<\/u><\/strong><\/p>\n<p>mun.Chi\u015fin\u0103u, Pia\u0163a Marii Adun\u0103ri Na\u0163ionale, 1, bir. 229<\/p>\n<p>&nbsp;<\/p>\n<p><strong>Concursul pentru ocuparea func\u021biei de Director general al \u00ce.S.\u201dAeroportul Interna\u021bional M\u0103rcule\u0219ti\u201d va fi desf\u0103\u0219urat \u00een conformitate cu Regulamentul de organizare \u015fi desf\u0103\u015furare a concursului pentru ocuparea func\u021biei de Director general al \u00ce.S.\u201dAeroportul Interna\u021bional M\u0103rcule\u0219ti\u201d<\/strong><\/p>\n<p><strong>\u00a0<\/strong>Regulamentul poate fi accesat pe pagina web a Ministerului Economiei \u0219i Infrastructurii<\/p>","protected":false},"excerpt":{"rendered":"<p>Consiliul de administra\u021bie al \u00ceS \u201dM\u0103rcule\u0219ti\u201d anun\u021b\u0103 concurs pentru ocuparea func\u021biei de Director general al \u00ceS \u201dAeroportul Interna\u021bional M\u0103rcule\u0219ti\u201d Context legal \u00ce.S.\u201dAeroportul Interna\u021bional M\u0103rcule\u0219ti\u201d este \u00eenregistrat\u0103 la Camera \u00cenregistr\u0103rii de Stat din data de 30.01.2004, Num\u0103rul de identificare de stat \u2013 codul fiscal 1004607000530. Sediul \u00eentreprinderii: MD-5028, s.Lunga,\u00a0 raionul Flore\u0219ti \u00centreprinderea activeaz\u0103 \u00een baza Legii [&hellip;]<\/p>\n","protected":false},"author":1,"featured_media":0,"parent":0,"menu_order":0,"comment_status":"closed","ping_status":"closed","template":"custom-templates\/template-vacant-positions.php","meta":{"footnotes":""},"class_list":["post-293","page","type-page","status-publish","hentry"],"_links":{"self":[{"href":"https:\/\/www.aim.md\/en\/wp-json\/wp\/v2\/pages\/293","targetHints":{"allow":["GET"]}}],"collection":[{"href":"https:\/\/www.aim.md\/en\/wp-json\/wp\/v2\/pages"}],"about":[{"href":"https:\/\/www.aim.md\/en\/wp-json\/wp\/v2\/types\/page"}],"author":[{"embeddable":true,"href":"https:\/\/www.aim.md\/en\/wp-json\/wp\/v2\/users\/1"}],"replies":[{"embeddable":true,"href":"https:\/\/www.aim.md\/en\/wp-json\/wp\/v2\/comments?post=293"}],"version-history":[{"count":3,"href":"https:\/\/www.aim.md\/en\/wp-json\/wp\/v2\/pages\/293\/revisions"}],"predecessor-version":[{"id":653,"href":"https:\/\/www.aim.md\/en\/wp-json\/wp\/v2\/pages\/293\/revisions\/653"}],"wp:attachment":[{"href":"https:\/\/www.aim.md\/en\/wp-json\/wp\/v2\/media?parent=293"}],"curies":[{"name":"wp","href":"https:\/\/api.w.org\/{rel}","templated":true}]}}