{"id":287,"date":"2018-03-23T14:29:30","date_gmt":"2018-03-23T12:29:30","guid":{"rendered":"http:\/\/marculesti\/?page_id=287"},"modified":"2018-12-03T09:34:55","modified_gmt":"2018-12-03T07:34:55","slug":"technical-data","status":"publish","type":"page","link":"https:\/\/www.aim.md\/en\/technical-data\/","title":{"rendered":"Technical data"},"content":{"rendered":"<h4>Caracteristici tehnico-opera\u021bionale<\/h4>\n<p><strong>Nume oficial: Aeroportul Interna\u0163ional M\u0103rcule\u015fti<\/strong><br \/>\nOperator aeroport: \u00centreprinderea de Stat\u00a0 \u201eAeroportul Interna\u0163ional M\u0103rcule\u015fti\u201d<\/p>\n<p><strong>Airport reference code:\u00a0<\/strong>3C<br \/>\nOACI CODE: LUBM<br \/>\nLatitudine: 47.514542<br \/>\nLongitudine: 28.124631<br \/>\nLocalizare: satul Lunga, raionul Flore\u015fti, Republica Moldova;<br \/>\n23.4 km N-E fa\u0163\u0103 de ora\u015ful B\u0103l\u0163i, 7.9 km S-V fa\u0163\u0103 de ora\u015ful Flore\u015fti, 1km S-V fa\u0163\u0103 de gara feroviar\u0103 M\u0103rcule\u015fti.<br \/>\nReferin\u0163\u0103 fa\u0163\u0103 de UTC: + 2 (+3DT)<br \/>\nOrar de operare: \u00cen perioada luminoas\u0103 a zilei\/7<\/p>\n<p><strong>Mijloace de salvare \u015fi lupt\u0103 \u00eempotriva incendiilor : specifice pentru CAT 5 OACI<\/strong><\/p>\n<p><strong>Pista de decolare aterizare:<\/strong><br \/>\n07R \u2013 25L : 2512m x 40m<br \/>\n07L \u2013 25R : 2512m x 40m<\/p>\n<p><strong>Platforme (peroane)<\/strong>: 2<br \/>\nSuprafa\u0163a platformei centrale: 26880 m.p.<br \/>\nSuprafa\u0163a platformei de est: \u00a010584 m.p.<\/p>\n","protected":false},"excerpt":{"rendered":"<p>Caracteristici tehnico-opera\u021bionale Nume oficial: Aeroportul Interna\u0163ional M\u0103rcule\u015fti Operator aeroport: \u00centreprinderea de Stat\u00a0 \u201eAeroportul Interna\u0163ional M\u0103rcule\u015fti\u201d Airport reference code:\u00a03C OACI CODE: LUBM Latitudine: 47.514542 Longitudine: 28.124631 Localizare: satul Lunga, raionul Flore\u015fti, Republica Moldova; 23.4 km N-E fa\u0163\u0103 de ora\u015ful B\u0103l\u0163i, 7.9 km S-V fa\u0163\u0103 de ora\u015ful Flore\u015fti, 1km S-V fa\u0163\u0103 de gara feroviar\u0103 M\u0103rcule\u015fti. Referin\u0163\u0103 fa\u0163\u0103 [&hellip;]<\/p>\n","protected":false},"author":1,"featured_media":0,"parent":0,"menu_order":0,"comment_status":"closed","ping_status":"closed","template":"custom-templates\/text-output.php","meta":{"footnotes":""},"class_list":["post-287","page","type-page","status-publish","hentry"],"_links":{"self":[{"href":"https:\/\/www.aim.md\/en\/wp-json\/wp\/v2\/pages\/287","targetHints":{"allow":["GET"]}}],"collection":[{"href":"https:\/\/www.aim.md\/en\/wp-json\/wp\/v2\/pages"}],"about":[{"href":"https:\/\/www.aim.md\/en\/wp-json\/wp\/v2\/types\/page"}],"author":[{"embeddable":true,"href":"https:\/\/www.aim.md\/en\/wp-json\/wp\/v2\/users\/1"}],"replies":[{"embeddable":true,"href":"https:\/\/www.aim.md\/en\/wp-json\/wp\/v2\/comments?post=287"}],"version-history":[{"count":11,"href":"https:\/\/www.aim.md\/en\/wp-json\/wp\/v2\/pages\/287\/revisions"}],"predecessor-version":[{"id":688,"href":"https:\/\/www.aim.md\/en\/wp-json\/wp\/v2\/pages\/287\/revisions\/688"}],"wp:attachment":[{"href":"https:\/\/www.aim.md\/en\/wp-json\/wp\/v2\/media?parent=287"}],"curies":[{"name":"wp","href":"https:\/\/api.w.org\/{rel}","templated":true}]}}